{"id":3280,"date":"2024-08-31T14:16:16","date_gmt":"2024-08-31T14:16:16","guid":{"rendered":"https:\/\/stereomode.com\/?page_id=3280"},"modified":"2024-10-10T11:07:01","modified_gmt":"2024-10-10T11:07:01","slug":"architectural-rendering","status":"publish","type":"page","link":"https:\/\/stereomode.com\/ro\/architectural-rendering\/","title":{"rendered":"Randari arhitecturale"},"content":{"rendered":"<p>&nbsp;<\/p>\n<h2>Randari arhitecturale<\/h2>\n<p>&nbsp;<\/p>\n<p><img loading=\"lazy\" decoding=\"async\" src=\"https:\/\/stereomode.com\/wp-content\/uploads\/2024\/07\/poster-3-1600x700-1.jpg\" alt=\"\" width=\"1600\" height=\"700\" \/><\/p>\n<h2>Servicii complete pentru arhitecti<\/h2>\n<ul>\n<li>Optimizare modele 3D pentru prezentare online<\/li>\n<li>Randari de imagini sau video<\/li>\n<li>Prezentarea proiectelor in 3D interactiv si realitate virtuala<\/li>\n<li>Prezentarea proiectelor in realitate augmentata<\/li>\n<li>Realizare context si integrarea proiectelor in acesta<\/li>\n<li>Integrarea prezentarii proiectelor in pagini web<\/li>\n<\/ul>\n<h3>Optimizare modele 3D pentru prezentare online<\/h3>\n<p>Prezentarea online a proiectelor 3D necesit\u0103 procesare pentru a asigura compatibilitatea cu platformele web.<\/p>\n<p>Aceste servicii implic\u0103 \u00een primul r\u00e2nd optimizarea geometriei prin decimare sau remesh, optimizarea texturii \u0219i conversia \u00een formate compatibile web.<\/p>\n<h3>Rand\u0103ri de imagini sau video<\/h3>\n<p>Servicii de randare imagini si video<br \/>\n\n<div style=\"width: 530px;\" class=\"wp-video\"><video class=\"wp-video-shortcode\" id=\"video-3280-1\" width=\"530\" height=\"298\" preload=\"metadata\" controls=\"controls\"><source type=\"video\/mp4\" src=\"https:\/\/stereomode.com\/wp-content\/uploads\/2024\/08\/Sequence-01.mp4?_=1\" \/><a href=\"https:\/\/stereomode.com\/wp-content\/uploads\/2024\/08\/Sequence-01.mp4\">https:\/\/stereomode.com\/wp-content\/uploads\/2024\/08\/Sequence-01.mp4<\/a><\/video><\/div>\n<h3>Prezentarea proiectelor in 3D interactiv si realitate virtuala<\/h3>\n<p>Realitate virtuala (VR) reprezinta cel mai bun mod de prezentarea unui proiect arhitectural intrucat permite o mai buna perceptie a dimensiunilor si spatialitatii.<br \/>\nstereomode.com ofera servicii de integrarea proiectelor in scene 3D ce pot fi vizualizate atat in VR cat si 3D interactiv ca in exemplul de mai jos.<br \/>\nVizualizarea interactiv\u0103 3D permite navigarea liber\u0103 \u00een scen\u0103, interac\u021biunea cu obiecte (cum ar fi deschiderea u\u0219ilor) \u0219i nu necesit\u0103 echipamente suplimentare. Scenele pot fi vizionate pe orice computer sau telefon, efortul de randare este realizat in partea de server.<br \/>\nVizualizarea in VR necesita un calculator dotat cu o placa video potenta (gen Nvidia seria 3000) si ochelari Meta Quest 2\/3.<\/p>\n<p><a href=\"https:\/\/stereomode.com\/ro\/3d-interactive-presentation\/\"><img loading=\"lazy\" decoding=\"async\" class=\"aligncenter wp-image-3437 size-full\" src=\"https:\/\/stereomode.com\/wp-content\/uploads\/2024\/09\/enter-scene.jpg\" alt=\"\" width=\"912\" height=\"469\" srcset=\"https:\/\/stereomode.com\/wp-content\/uploads\/2024\/09\/enter-scene.jpg 912w, https:\/\/stereomode.com\/wp-content\/uploads\/2024\/09\/enter-scene-300x154.jpg 300w, https:\/\/stereomode.com\/wp-content\/uploads\/2024\/09\/enter-scene-768x395.jpg 768w, https:\/\/stereomode.com\/wp-content\/uploads\/2024\/09\/enter-scene-18x9.jpg 18w, https:\/\/stereomode.com\/wp-content\/uploads\/2024\/09\/enter-scene-600x309.jpg 600w\" sizes=\"auto, (max-width: 912px) 100vw, 912px\" \/><\/a><\/p>\n<h3>Prezentarea proiectelor in realitate augmentata<\/h3>\n<p>Realitatea augmentat\u0103 (AR) este o experien\u021b\u0103 interactiv\u0103 care combin\u0103 lumea real\u0103 \u0219i con\u021binutul 3D generat de computer.<br \/>\nThis allows viewing a 3D model through a smartphone or tablet by superimposing the model over the image captured by the camera of the mobile device, creating the illusion that the model is placed in the environment viewed by the camera.<\/p>\n<p align=\"center\"><iframe loading=\"lazy\" src=\"https:\/\/ar.stereomode.com\/casa2\/\" width=\"1000\" height=\"500\" allowfullscreen=\"allowfullscreen\"><\/iframe><\/p>\n<h3>Realizare context si integrarea proiectelor in acesta<\/h3>\n<p>O randare nu ar trebui s\u0103 arate doar cl\u0103direa \u00een mod izolat, ci \u0219i \u00een \u00eemprejurimile ei. Acest lucru \u00eei ajut\u0103 clientii s\u0103 \u00een\u021beleag\u0103 cum se potrive\u0219te proiectul \u00een mediul lor.<br \/>\nstereomode.com ofera servicii de integrarea proiectelor in context prin<br \/>\ncreare\/modelare context, cartografiere din drona sau extragerea contextului din Google Earth.<\/p>\n<h3>Integrarea prezentarii proiectelor in pagini web<\/h3>\n<p>Pentru accesul facil al clientilor la solutiile online de vizualizare in 3D si AR, stereomode.com ofera servicii de integrarea acestora in paginile web.<\/p>\n<p>&nbsp;<\/p>\n<p><a href=\"https:\/\/stereomode.com\/ro\/\">Home<\/a><\/p>","protected":false},"excerpt":{"rendered":"<p>&nbsp; Architectural rendering &nbsp; Complete services for architects. Optimization of 3D models for online presentation Image and video renderings Presentation of projects in interactive 3D and virtual reality Presentation of projects in augmented reality Creation of context and integration of projects in it Integration of project presentation in web pages ...<\/p>","protected":false},"author":1,"featured_media":0,"parent":0,"menu_order":0,"comment_status":"closed","ping_status":"closed","template":"page-canvas.php","meta":{"cybocfi_hide_featured_image":"","footnotes":""},"class_list":["post-3280","page","type-page","status-publish","hentry"],"aioseo_notices":[],"_links":{"self":[{"href":"https:\/\/stereomode.com\/ro\/wp-json\/wp\/v2\/pages\/3280","targetHints":{"allow":["GET"]}}],"collection":[{"href":"https:\/\/stereomode.com\/ro\/wp-json\/wp\/v2\/pages"}],"about":[{"href":"https:\/\/stereomode.com\/ro\/wp-json\/wp\/v2\/types\/page"}],"author":[{"embeddable":true,"href":"https:\/\/stereomode.com\/ro\/wp-json\/wp\/v2\/users\/1"}],"replies":[{"embeddable":true,"href":"https:\/\/stereomode.com\/ro\/wp-json\/wp\/v2\/comments?post=3280"}],"version-history":[{"count":66,"href":"https:\/\/stereomode.com\/ro\/wp-json\/wp\/v2\/pages\/3280\/revisions"}],"predecessor-version":[{"id":3547,"href":"https:\/\/stereomode.com\/ro\/wp-json\/wp\/v2\/pages\/3280\/revisions\/3547"}],"wp:attachment":[{"href":"https:\/\/stereomode.com\/ro\/wp-json\/wp\/v2\/media?parent=3280"}],"curies":[{"name":"wp","href":"https:\/\/api.w.org\/{rel}","templated":true}]}}