{"id":3229,"date":"2024-08-30T11:33:43","date_gmt":"2024-08-30T11:33:43","guid":{"rendered":"https:\/\/stereomode.com\/?page_id=3229"},"modified":"2024-10-02T18:10:39","modified_gmt":"2024-10-02T18:10:39","slug":"product-presentation","status":"publish","type":"page","link":"https:\/\/stereomode.com\/ro\/product-presentation\/","title":{"rendered":"Prezentari de produse"},"content":{"rendered":"<div data-elementor-type=\"wp-page\" data-elementor-id=\"3229\" class=\"elementor elementor-3229\">\n\t\t\t\t\t\t\t\t\t<section class=\"elementor-section elementor-top-section elementor-element elementor-element-1d0eee0 elementor-section-boxed elementor-section-height-default elementor-section-height-default\" data-id=\"1d0eee0\" data-element_type=\"section\">\n\t\t\t\t\t\t<div class=\"elementor-container elementor-column-gap-default\">\n\t\t\t\t\t<div class=\"elementor-column elementor-col-100 elementor-top-column elementor-element elementor-element-c5d8b6a\" data-id=\"c5d8b6a\" data-element_type=\"column\">\n\t\t\t<div class=\"elementor-widget-wrap elementor-element-populated\">\n\t\t\t\t\t\t\t\t<div class=\"elementor-element elementor-element-17f83b4 elementor-widget elementor-widget-image\" data-id=\"17f83b4\" data-element_type=\"widget\" data-widget_type=\"image.default\">\n\t\t\t\t<div class=\"elementor-widget-container\">\n\t\t\t<style>\/*! elementor - v3.8.1 - 13-11-2022 *\/\n.elementor-widget-image{text-align:center}.elementor-widget-image a{display:inline-block}.elementor-widget-image a img[src$=\".svg\"]{width:48px}.elementor-widget-image img{vertical-align:middle;display:inline-block}<\/style>\t\t\t\t\t\t\t\t\t<figure class=\"wp-caption\">\n\t\t\t\t\t\t\t\t\t\t<img loading=\"lazy\" decoding=\"async\" width=\"1452\" height=\"700\" src=\"https:\/\/stereomode.com\/wp-content\/uploads\/2022\/09\/2b-1452x700.jpg\" class=\"attachment-slideshow size-slideshow\" alt=\"\" \/>\t\t\t\t\t\t\t\t\t\t\t<figcaption class=\"widget-image-caption wp-caption-text\">Imaginneazati cum ar fi sa poti vedea cum arata o piesa de mobilier in casa ta inainte de a o cumpara.<\/figcaption>\n\t\t\t\t\t\t\t\t\t\t<\/figure>\n\t\t\t\t\t\t\t\t\t<\/div>\n\t\t\t\t<\/div>\n\t\t\t\t\t<\/div>\n\t\t<\/div>\n\t\t\t\t\t\t\t<\/div>\n\t\t<\/section>\n\t\t\t\t<section class=\"elementor-section elementor-top-section elementor-element elementor-element-e02d89e elementor-section-boxed elementor-section-height-default elementor-section-height-default\" data-id=\"e02d89e\" data-element_type=\"section\">\n\t\t\t\t\t\t<div class=\"elementor-container elementor-column-gap-default\">\n\t\t\t\t\t<div class=\"elementor-column elementor-col-100 elementor-top-column elementor-element elementor-element-2f28df9\" data-id=\"2f28df9\" data-element_type=\"column\">\n\t\t\t<div class=\"elementor-widget-wrap elementor-element-populated\">\n\t\t\t\t\t\t\t\t<div class=\"elementor-element elementor-element-cfa5b80 elementor-widget elementor-widget-text-editor\" data-id=\"cfa5b80\" data-element_type=\"widget\" data-widget_type=\"text-editor.default\">\n\t\t\t\t<div class=\"elementor-widget-container\">\n\t\t\t<style>\/*! elementor - v3.8.1 - 13-11-2022 *\/\n.elementor-widget-text-editor.elementor-drop-cap-view-stacked .elementor-drop-cap{background-color:#818a91;color:#fff}.elementor-widget-text-editor.elementor-drop-cap-view-framed .elementor-drop-cap{color:#818a91;border:3px solid;background-color:transparent}.elementor-widget-text-editor:not(.elementor-drop-cap-view-default) .elementor-drop-cap{margin-top:8px}.elementor-widget-text-editor:not(.elementor-drop-cap-view-default) .elementor-drop-cap-letter{width:1em;height:1em}.elementor-widget-text-editor .elementor-drop-cap{float:left;text-align:center;line-height:1;font-size:50px}.elementor-widget-text-editor .elementor-drop-cap-letter{display:inline-block}<\/style>\t\t\t\t<p><span style=\"color: #ffffff;\">Prezentarea modern\u0103 a produselor a evoluat de la imagini simple la vizualizare 3D \u0219i realitate augmentat\u0103 (AR).<\/span><\/p><p><span style=\"color: #ffffff;\">Realitatea augmentat\u0103 (AR) este o experien\u021b\u0103 interactiv\u0103 care combin\u0103 lumea real\u0103 \u0219i con\u021binutul 3D generat de computer.<\/span><br \/><span style=\"color: #ffffff;\">Acest lucru permite vizualizarea unui model 3D al unui produs prin intermediul unui smartphone sau tablet\u0103 prin suprapunerea modelului peste imaginea captat\u0103 de camera dispozitivului mobil, cre\u00e2nd iluzia c\u0103 modelul este plasat \u00een mediul vizualizat de camer\u0103.<\/span><\/p><p><span style=\"color: #ffffff;\">Folosirea unor astfel de solu\u021bii moderne cre\u0219te atractivitatea clien\u021bilor, le ofer\u0103 \u00eencredere c\u0103 produsul li se potrive\u0219te \u0219i duce \u00een cele din urm\u0103 la o cre\u0219tere a v\u00e2nz\u0103rilor.<\/span><\/p><p><span style=\"color: #ffffff;\">stereomode.com ofer\u0103 achizi\u021bionarea, modelarea, randarea \u0219i prezentarea online a produselor \u00een 3D \u0219i AR.<\/span><\/p>\t\t\t\t\t\t<\/div>\n\t\t\t\t<\/div>\n\t\t\t\t\t<\/div>\n\t\t<\/div>\n\t\t\t\t\t\t\t<\/div>\n\t\t<\/section>\n\t\t\t\t<section class=\"elementor-section elementor-top-section elementor-element elementor-element-e002c5b elementor-section-boxed elementor-section-height-default elementor-section-height-default\" data-id=\"e002c5b\" data-element_type=\"section\">\n\t\t\t\t\t\t<div class=\"elementor-container elementor-column-gap-default\">\n\t\t\t\t\t<div class=\"elementor-column elementor-col-100 elementor-top-column elementor-element elementor-element-44b54ca\" data-id=\"44b54ca\" data-element_type=\"column\">\n\t\t\t<div class=\"elementor-widget-wrap elementor-element-populated\">\n\t\t\t\t\t\t\t\t<div class=\"elementor-element elementor-element-fc778bc elementor-widget elementor-widget-text-editor\" data-id=\"fc778bc\" data-element_type=\"widget\" data-widget_type=\"text-editor.default\">\n\t\t\t\t<div class=\"elementor-widget-container\">\n\t\t\t\t\t\t\t<h4>Exemplu de produs prezentat in 3D si AR cu posibilitatea de a alege culoarea si prezentarea animata.<\/h4>\t\t\t\t\t\t<\/div>\n\t\t\t\t<\/div>\n\t\t\t\t\t<\/div>\n\t\t<\/div>\n\t\t\t\t\t\t\t<\/div>\n\t\t<\/section>\n\t\t\t\t<section class=\"elementor-section elementor-top-section elementor-element elementor-element-5b7856e elementor-section-boxed elementor-section-height-default elementor-section-height-default\" data-id=\"5b7856e\" data-element_type=\"section\">\n\t\t\t\t\t\t<div class=\"elementor-container elementor-column-gap-default\">\n\t\t\t\t\t<div class=\"elementor-column elementor-col-100 elementor-top-column elementor-element elementor-element-69da13c\" data-id=\"69da13c\" data-element_type=\"column\">\n\t\t\t<div class=\"elementor-widget-wrap elementor-element-populated\">\n\t\t\t\t\t\t\t\t<div class=\"elementor-element elementor-element-b533e0d elementor-widget__width-inherit elementor-widget elementor-widget-html\" data-id=\"b533e0d\" data-element_type=\"widget\" data-widget_type=\"html.default\">\n\t\t\t\t<div class=\"elementor-widget-container\">\n\t\t\t<p style=\"text-align: center;\" align=\"center\">AR Sofa<br \/><iframe loading=\"lazy\" src=\"https:\/\/ar.stereomode.com\/demo\/canapea-extensibila.html\" style=\"background-color: #FFFFFF\" width=\"90%\" height=\"650\" allowfullscreen=\"allowfullscreen\"><\/iframe><\/p>\t\t<\/div>\n\t\t\t\t<\/div>\n\t\t\t\t\t<\/div>\n\t\t<\/div>\n\t\t\t\t\t\t\t<\/div>\n\t\t<\/section>\n\t\t\t\t<section class=\"elementor-section elementor-top-section elementor-element elementor-element-7fcff73 elementor-section-boxed elementor-section-height-default elementor-section-height-default\" data-id=\"7fcff73\" data-element_type=\"section\">\n\t\t\t\t\t\t<div class=\"elementor-container elementor-column-gap-default\">\n\t\t\t\t\t<div class=\"elementor-column elementor-col-100 elementor-top-column elementor-element elementor-element-bda4b80\" data-id=\"bda4b80\" data-element_type=\"column\">\n\t\t\t<div class=\"elementor-widget-wrap elementor-element-populated\">\n\t\t\t\t\t\t\t\t<div class=\"elementor-element elementor-element-fbabad7 elementor-widget elementor-widget-text-editor\" data-id=\"fbabad7\" data-element_type=\"widget\" data-widget_type=\"text-editor.default\">\n\t\t\t\t<div class=\"elementor-widget-container\">\n\t\t\t\t\t\t\t<h4>Servicii de scanare 3D<\/h4>\t\t\t\t\t\t<\/div>\n\t\t\t\t<\/div>\n\t\t\t\t\t<\/div>\n\t\t<\/div>\n\t\t\t\t\t\t\t<\/div>\n\t\t<\/section>\n\t\t\t\t<section class=\"elementor-section elementor-top-section elementor-element elementor-element-d3942f0 elementor-section-boxed elementor-section-height-default elementor-section-height-default\" data-id=\"d3942f0\" data-element_type=\"section\">\n\t\t\t\t\t\t<div class=\"elementor-container elementor-column-gap-default\">\n\t\t\t\t\t<div class=\"elementor-column elementor-col-100 elementor-top-column elementor-element elementor-element-2cc7efb\" data-id=\"2cc7efb\" data-element_type=\"column\">\n\t\t\t<div class=\"elementor-widget-wrap elementor-element-populated\">\n\t\t\t\t\t\t\t\t<div class=\"elementor-element elementor-element-86dd0ae elementor-widget elementor-widget-text-editor\" data-id=\"86dd0ae\" data-element_type=\"widget\" data-widget_type=\"text-editor.default\">\n\t\t\t\t<div class=\"elementor-widget-container\">\n\t\t\t\t\t\t\t<p><span style=\"color: #ffffff;\">Obiect scanat 3D prezentat langa obiect real.<\/span><\/p>\t\t\t\t\t\t<\/div>\n\t\t\t\t<\/div>\n\t\t\t\t\t<\/div>\n\t\t<\/div>\n\t\t\t\t\t\t\t<\/div>\n\t\t<\/section>\n\t\t\t\t<section class=\"elementor-section elementor-top-section elementor-element elementor-element-6e8136c elementor-section-boxed elementor-section-height-default elementor-section-height-default\" data-id=\"6e8136c\" data-element_type=\"section\">\n\t\t\t\t\t\t<div class=\"elementor-container elementor-column-gap-default\">\n\t\t\t\t\t<div class=\"elementor-column elementor-col-100 elementor-top-column elementor-element elementor-element-bd2651d\" data-id=\"bd2651d\" data-element_type=\"column\">\n\t\t\t<div class=\"elementor-widget-wrap elementor-element-populated\">\n\t\t\t\t\t\t\t\t<div class=\"elementor-element elementor-element-43a6d11 elementor-widget elementor-widget-image\" data-id=\"43a6d11\" data-element_type=\"widget\" data-widget_type=\"image.default\">\n\t\t\t\t<div class=\"elementor-widget-container\">\n\t\t\t\t\t\t\t\t\t\t\t\t\t\t\t\t<a href=\"https:\/\/stereomode.com\/wp-content\/uploads\/2023\/01\/scanvsreal.jpg\" data-elementor-open-lightbox=\"yes\" data-elementor-lightbox-title=\"scanvsreal\" e-action-hash=\"#elementor-action%3Aaction%3Dlightbox%26settings%3DeyJpZCI6MjY4NiwidXJsIjoiaHR0cHM6XC9cL3N0ZXJlb21vZGUuY29tXC93cC1jb250ZW50XC91cGxvYWRzXC8yMDIzXC8wMVwvc2NhbnZzcmVhbC5qcGcifQ%3D%3D\">\n\t\t\t\t\t\t\t<img loading=\"lazy\" decoding=\"async\" width=\"530\" height=\"516\" src=\"https:\/\/stereomode.com\/wp-content\/uploads\/2023\/01\/scanvsreal-1024x997.jpg\" class=\"attachment-large size-large\" alt=\"\" srcset=\"https:\/\/stereomode.com\/wp-content\/uploads\/2023\/01\/scanvsreal-1024x997.jpg 1024w, https:\/\/stereomode.com\/wp-content\/uploads\/2023\/01\/scanvsreal-300x292.jpg 300w, https:\/\/stereomode.com\/wp-content\/uploads\/2023\/01\/scanvsreal-768x748.jpg 768w, https:\/\/stereomode.com\/wp-content\/uploads\/2023\/01\/scanvsreal-1536x1496.jpg 1536w, https:\/\/stereomode.com\/wp-content\/uploads\/2023\/01\/scanvsreal-600x584.jpg 600w, https:\/\/stereomode.com\/wp-content\/uploads\/2023\/01\/scanvsreal.jpg 2048w\" sizes=\"auto, (max-width: 530px) 100vw, 530px\" \/>\t\t\t\t\t\t\t\t<\/a>\n\t\t\t\t\t\t\t\t\t\t\t\t\t\t\t<\/div>\n\t\t\t\t<\/div>\n\t\t\t\t\t<\/div>\n\t\t<\/div>\n\t\t\t\t\t\t\t<\/div>\n\t\t<\/section>\n\t\t\t\t<section class=\"elementor-section elementor-top-section elementor-element elementor-element-b757338 elementor-section-boxed elementor-section-height-default elementor-section-height-default\" data-id=\"b757338\" data-element_type=\"section\">\n\t\t\t\t\t\t<div class=\"elementor-container elementor-column-gap-default\">\n\t\t\t\t\t<div class=\"elementor-column elementor-col-100 elementor-top-column elementor-element elementor-element-492b0c1\" data-id=\"492b0c1\" data-element_type=\"column\">\n\t\t\t<div class=\"elementor-widget-wrap elementor-element-populated\">\n\t\t\t\t\t\t\t\t<div class=\"elementor-element elementor-element-6ce0a44 elementor-widget elementor-widget-text-editor\" data-id=\"6ce0a44\" data-element_type=\"widget\" data-widget_type=\"text-editor.default\">\n\t\t\t\t<div class=\"elementor-widget-container\">\n\t\t\t\t\t\t\t<p style=\"text-align: center;\">(obiectul real in stanga imaginii)<\/p>\t\t\t\t\t\t<\/div>\n\t\t\t\t<\/div>\n\t\t\t\t\t<\/div>\n\t\t<\/div>\n\t\t\t\t\t\t\t<\/div>\n\t\t<\/section>\n\t\t\t\t<section class=\"elementor-section elementor-top-section elementor-element elementor-element-bb62323 elementor-section-boxed elementor-section-height-default elementor-section-height-default\" data-id=\"bb62323\" data-element_type=\"section\">\n\t\t\t\t\t\t<div class=\"elementor-container elementor-column-gap-default\">\n\t\t\t\t\t<div class=\"elementor-column elementor-col-100 elementor-top-column elementor-element elementor-element-17707d2\" data-id=\"17707d2\" data-element_type=\"column\">\n\t\t\t<div class=\"elementor-widget-wrap elementor-element-populated\">\n\t\t\t\t\t\t\t\t<div class=\"elementor-element elementor-element-abab88f elementor-widget elementor-widget-text-editor\" data-id=\"abab88f\" data-element_type=\"widget\" data-widget_type=\"text-editor.default\">\n\t\t\t\t<div class=\"elementor-widget-container\">\n\t\t\t\t\t\t\t<h4>Modeled and rendered product example<\/h4>\t\t\t\t\t\t<\/div>\n\t\t\t\t<\/div>\n\t\t\t\t<div class=\"elementor-element elementor-element-854898b elementor-widget elementor-widget-image\" data-id=\"854898b\" data-element_type=\"widget\" data-widget_type=\"image.default\">\n\t\t\t\t<div class=\"elementor-widget-container\">\n\t\t\t\t\t\t\t\t\t\t\t\t\t\t\t<img loading=\"lazy\" decoding=\"async\" width=\"530\" height=\"298\" src=\"https:\/\/stereomode.com\/wp-content\/uploads\/2024\/10\/hb-night-1024x576.jpeg\" class=\"attachment-large size-large\" alt=\"\" srcset=\"https:\/\/stereomode.com\/wp-content\/uploads\/2024\/10\/hb-night-1024x576.jpeg 1024w, https:\/\/stereomode.com\/wp-content\/uploads\/2024\/10\/hb-night-300x169.jpeg 300w, https:\/\/stereomode.com\/wp-content\/uploads\/2024\/10\/hb-night-768x432.jpeg 768w, https:\/\/stereomode.com\/wp-content\/uploads\/2024\/10\/hb-night-1536x864.jpeg 1536w, https:\/\/stereomode.com\/wp-content\/uploads\/2024\/10\/hb-night-18x10.jpeg 18w, https:\/\/stereomode.com\/wp-content\/uploads\/2024\/10\/hb-night-600x338.jpeg 600w, https:\/\/stereomode.com\/wp-content\/uploads\/2024\/10\/hb-night.jpeg 1600w\" sizes=\"auto, (max-width: 530px) 100vw, 530px\" \/>\t\t\t\t\t\t\t\t\t\t\t\t\t\t\t<\/div>\n\t\t\t\t<\/div>\n\t\t\t\t\t<\/div>\n\t\t<\/div>\n\t\t\t\t\t\t\t<\/div>\n\t\t<\/section>\n\t\t\t\t<section class=\"elementor-section elementor-top-section elementor-element elementor-element-9b61d0c elementor-section-boxed elementor-section-height-default elementor-section-height-default\" data-id=\"9b61d0c\" data-element_type=\"section\">\n\t\t\t\t\t\t<div class=\"elementor-container elementor-column-gap-default\">\n\t\t\t\t\t<div class=\"elementor-column elementor-col-100 elementor-top-column elementor-element elementor-element-8e4743c\" data-id=\"8e4743c\" data-element_type=\"column\">\n\t\t\t<div class=\"elementor-widget-wrap elementor-element-populated\">\n\t\t\t\t\t\t\t\t<div class=\"elementor-element elementor-element-23c7363 elementor-widget elementor-widget-text-editor\" data-id=\"23c7363\" data-element_type=\"widget\" data-widget_type=\"text-editor.default\">\n\t\t\t\t<div class=\"elementor-widget-container\">\n\t\t\t\t\t\t\t<h4>Carte de vizit\u0103 cu flyer digital<\/h4>\t\t\t\t\t\t<\/div>\n\t\t\t\t<\/div>\n\t\t\t\t\t<\/div>\n\t\t<\/div>\n\t\t\t\t\t\t\t<\/div>\n\t\t<\/section>\n\t\t\t\t<section class=\"elementor-section elementor-top-section elementor-element elementor-element-d5310e1 elementor-section-boxed elementor-section-height-default elementor-section-height-default\" data-id=\"d5310e1\" data-element_type=\"section\">\n\t\t\t\t\t\t<div class=\"elementor-container elementor-column-gap-default\">\n\t\t\t\t\t<div class=\"elementor-column elementor-col-100 elementor-top-column elementor-element elementor-element-9ab8636\" data-id=\"9ab8636\" data-element_type=\"column\">\n\t\t\t<div class=\"elementor-widget-wrap elementor-element-populated\">\n\t\t\t\t\t\t\t\t<div class=\"elementor-element elementor-element-b1422e2 elementor-widget elementor-widget-text-editor\" data-id=\"b1422e2\" data-element_type=\"widget\" data-widget_type=\"text-editor.default\">\n\t\t\t\t<div class=\"elementor-widget-container\">\n\t\t\t\t\t\t\t<p><span style=\"color: #ffffff;\">O carte de vizit\u0103 modern\u0103 poate con\u021bine elemente multimedia interactive care pot fi v\u0103zute \u00een AR prin intermediul telefonului mobil.<\/span><br \/><span style=\"color: #ffffff;\">Pute\u021bi ata\u0219a modele 3D statice sau animate, imagini, videoclipuri, link-uri...<\/span><\/p>\t\t\t\t\t\t<\/div>\n\t\t\t\t<\/div>\n\t\t\t\t\t<\/div>\n\t\t<\/div>\n\t\t\t\t\t\t\t<\/div>\n\t\t<\/section>\n\t\t\t\t<section class=\"elementor-section elementor-top-section elementor-element elementor-element-8b63319 elementor-section-boxed elementor-section-height-default elementor-section-height-default\" data-id=\"8b63319\" data-element_type=\"section\">\n\t\t\t\t\t\t<div class=\"elementor-container elementor-column-gap-default\">\n\t\t\t\t\t<div class=\"elementor-column elementor-col-100 elementor-top-column elementor-element elementor-element-f150f91\" data-id=\"f150f91\" data-element_type=\"column\">\n\t\t\t<div class=\"elementor-widget-wrap elementor-element-populated\">\n\t\t\t\t\t\t\t\t<div class=\"elementor-element elementor-element-ad083d9 elementor-widget elementor-widget-image\" data-id=\"ad083d9\" data-element_type=\"widget\" data-widget_type=\"image.default\">\n\t\t\t\t<div class=\"elementor-widget-container\">\n\t\t\t\t\t\t\t\t\t\t\t\t\t\t\t<img loading=\"lazy\" decoding=\"async\" width=\"473\" height=\"1024\" src=\"https:\/\/stereomode.com\/wp-content\/uploads\/2023\/04\/card2.jpeg\" class=\"attachment-large size-large\" alt=\"\" srcset=\"https:\/\/stereomode.com\/wp-content\/uploads\/2023\/04\/card2.jpeg 473w, https:\/\/stereomode.com\/wp-content\/uploads\/2023\/04\/card2-139x300.jpeg 139w, https:\/\/stereomode.com\/wp-content\/uploads\/2023\/04\/card2-277x600.jpeg 277w\" sizes=\"auto, (max-width: 473px) 100vw, 473px\" \/>\t\t\t\t\t\t\t\t\t\t\t\t\t\t\t<\/div>\n\t\t\t\t<\/div>\n\t\t\t\t\t<\/div>\n\t\t<\/div>\n\t\t\t\t\t\t\t<\/div>\n\t\t<\/section>\n\t\t\t\t<section class=\"elementor-section elementor-top-section elementor-element elementor-element-2dffad5 elementor-section-boxed elementor-section-height-default elementor-section-height-default\" data-id=\"2dffad5\" data-element_type=\"section\">\n\t\t\t\t\t\t<div class=\"elementor-container elementor-column-gap-default\">\n\t\t\t\t\t<div class=\"elementor-column elementor-col-100 elementor-top-column elementor-element elementor-element-3af1992\" data-id=\"3af1992\" data-element_type=\"column\">\n\t\t\t<div class=\"elementor-widget-wrap elementor-element-populated\">\n\t\t\t\t\t\t\t\t<div class=\"elementor-element elementor-element-7f15d4c elementor-widget elementor-widget-text-editor\" data-id=\"7f15d4c\" data-element_type=\"widget\" data-widget_type=\"text-editor.default\">\n\t\t\t\t<div class=\"elementor-widget-container\">\n\t\t\t\t\t\t\t<p><span style=\"color: #ffffff;\">Dac\u0103 dori\u021bi s\u0103 testa\u021bi aceast\u0103 aplica\u021bie, imprima\u021bi eticheta de mai jos, scana\u021bi codul QR cu telefonul sau tableta, deschide\u021bi linkul, apoi \u00eendrepta\u021bi camera telefonului c\u0103tre p\u0103tratul AR de pe etichet\u0103.<\/span><br \/><strong>Click\u00a0<a class=\"qwNoAjax\" href=\"https:\/\/stereomode.com\/wp-content\/uploads\/2023\/04\/card.jpeg\">aici<\/a>\u00a0pentru eticheta<\/strong><\/p>\t\t\t\t\t\t<\/div>\n\t\t\t\t<\/div>\n\t\t\t\t\t<\/div>\n\t\t<\/div>\n\t\t\t\t\t\t\t<\/div>\n\t\t<\/section>\n\t\t\t\t<section class=\"elementor-section elementor-top-section elementor-element elementor-element-e3ae3ba elementor-section-boxed elementor-section-height-default elementor-section-height-default\" data-id=\"e3ae3ba\" data-element_type=\"section\">\n\t\t\t\t\t\t<div class=\"elementor-container elementor-column-gap-default\">\n\t\t\t\t\t<div class=\"elementor-column elementor-col-100 elementor-top-column elementor-element elementor-element-33e5605\" data-id=\"33e5605\" data-element_type=\"column\">\n\t\t\t<div class=\"elementor-widget-wrap elementor-element-populated\">\n\t\t\t\t\t\t\t\t<div class=\"elementor-element elementor-element-56ea0ce elementor-widget elementor-widget-image\" data-id=\"56ea0ce\" data-element_type=\"widget\" data-widget_type=\"image.default\">\n\t\t\t\t<div class=\"elementor-widget-container\">\n\t\t\t\t\t\t\t\t\t\t\t\t\t\t\t<img loading=\"lazy\" decoding=\"async\" width=\"530\" height=\"272\" src=\"https:\/\/stereomode.com\/wp-content\/uploads\/2023\/04\/card-768x394.jpeg\" class=\"attachment-medium_large size-medium_large\" alt=\"\" srcset=\"https:\/\/stereomode.com\/wp-content\/uploads\/2023\/04\/card-768x394.jpeg 768w, https:\/\/stereomode.com\/wp-content\/uploads\/2023\/04\/card-300x154.jpeg 300w, https:\/\/stereomode.com\/wp-content\/uploads\/2023\/04\/card-600x308.jpeg 600w, https:\/\/stereomode.com\/wp-content\/uploads\/2023\/04\/card.jpeg 1006w\" sizes=\"auto, (max-width: 530px) 100vw, 530px\" \/>\t\t\t\t\t\t\t\t\t\t\t\t\t\t\t<\/div>\n\t\t\t\t<\/div>\n\t\t\t\t\t<\/div>\n\t\t<\/div>\n\t\t\t\t\t\t\t<\/div>\n\t\t<\/section>\n\t\t\t\t<section class=\"elementor-section elementor-top-section elementor-element elementor-element-a18e8fc elementor-section-boxed elementor-section-height-default elementor-section-height-default\" data-id=\"a18e8fc\" data-element_type=\"section\">\n\t\t\t\t\t\t<div class=\"elementor-container elementor-column-gap-default\">\n\t\t\t\t\t<div class=\"elementor-column elementor-col-100 elementor-top-column elementor-element elementor-element-dc2219f\" data-id=\"dc2219f\" data-element_type=\"column\">\n\t\t\t<div class=\"elementor-widget-wrap elementor-element-populated\">\n\t\t\t\t\t\t\t\t<div class=\"elementor-element elementor-element-893be3a elementor-widget elementor-widget-vice-elementor-button\" data-id=\"893be3a\" data-element_type=\"widget\" data-widget_type=\"vice-elementor-button.default\">\n\t\t\t\t<div class=\"elementor-widget-container\">\n\t\t\t<a href=\"https:\/\/stereomode.com\/ro\/\"  class=\"btn vice-btn vice-btn--\"><span>Home<\/span><\/a>\t\t<\/div>\n\t\t\t\t<\/div>\n\t\t\t\t\t<\/div>\n\t\t<\/div>\n\t\t\t\t\t\t\t<\/div>\n\t\t<\/section>\n\t\t\t\t\t\t\t<\/div>","protected":false},"excerpt":{"rendered":"<p>Imagine how it would be to be able to see how a piece of furniture looks in your home before you buy it. Modern product presentation has evolved from simple images to 3D visualization and augmented reality (AR). Augmented reality (AR) is an interactive experience that combines the real world ...<\/p>","protected":false},"author":1,"featured_media":0,"parent":0,"menu_order":0,"comment_status":"closed","ping_status":"closed","template":"","meta":{"cybocfi_hide_featured_image":"","footnotes":""},"class_list":["post-3229","page","type-page","status-publish","hentry"],"aioseo_notices":[],"_links":{"self":[{"href":"https:\/\/stereomode.com\/ro\/wp-json\/wp\/v2\/pages\/3229","targetHints":{"allow":["GET"]}}],"collection":[{"href":"https:\/\/stereomode.com\/ro\/wp-json\/wp\/v2\/pages"}],"about":[{"href":"https:\/\/stereomode.com\/ro\/wp-json\/wp\/v2\/types\/page"}],"author":[{"embeddable":true,"href":"https:\/\/stereomode.com\/ro\/wp-json\/wp\/v2\/users\/1"}],"replies":[{"embeddable":true,"href":"https:\/\/stereomode.com\/ro\/wp-json\/wp\/v2\/comments?post=3229"}],"version-history":[{"count":76,"href":"https:\/\/stereomode.com\/ro\/wp-json\/wp\/v2\/pages\/3229\/revisions"}],"predecessor-version":[{"id":3542,"href":"https:\/\/stereomode.com\/ro\/wp-json\/wp\/v2\/pages\/3229\/revisions\/3542"}],"wp:attachment":[{"href":"https:\/\/stereomode.com\/ro\/wp-json\/wp\/v2\/media?parent=3229"}],"curies":[{"name":"wp","href":"https:\/\/api.w.org\/{rel}","templated":true}]}}